{"id":1244,"date":"2026-04-05T09:41:50","date_gmt":"2026-04-05T09:41:50","guid":{"rendered":"https:\/\/revistafankpop.com\/home\/"},"modified":"2026-04-13T05:08:08","modified_gmt":"2026-04-13T05:08:08","slug":"home","status":"publish","type":"page","link":"https:\/\/revistafankpop.com\/en\/","title":{"rendered":"Inicio"},"content":{"rendered":"<div class=\"wp-block-columns alignfull are-vertically-aligned-center is-layout-flex wp-container-core-columns-is-layout-28f84493 wp-block-columns-is-layout-flex\">\n<div class=\"wp-block-column is-vertically-aligned-center is-layout-flow wp-block-column-is-layout-flow\" style=\"flex-basis:100%\">\n<div class=\"wp-block-columns is-layout-flex wp-container-core-columns-is-layout-28f84493 wp-block-columns-is-layout-flex\">\n<div class=\"wp-block-column is-layout-flow wp-block-column-is-layout-flow\" style=\"flex-basis:100%\">\n<div data-spectra-id=\"spectra-mntx3fho-rfh24d\" data-aos-delay=\"0\" data-aos-duration=\"400\" data-aos-easing=\"ease\" data-aos-once=\"true\" data-aos=\"slide-down\" style=\"--spectra-text-color: inherit; --spectra-overlay-opacity: 100;\" class=\"spectra-overlay-color spectra-text-color spectra-dim-ratio alignfull wp-block-spectra-slider\" id=\"spectra-slider-4\" data-swiper=\"{&quot;slidesPerView&quot;:1,&quot;spaceBetween&quot;:30,&quot;loop&quot;:false,&quot;navigation&quot;:{&quot;enabled&quot;:true,&quot;nextEl&quot;:&quot;.swiper-button-next&quot;,&quot;prevEl&quot;:&quot;.swiper-button-prev&quot;},&quot;pagination&quot;:{&quot;enabled&quot;:true,&quot;el&quot;:&quot;.swiper-pagination&quot;,&quot;clickable&quot;:true},&quot;autoplay&quot;:false,&quot;allowTouchMove&quot;:true,&quot;breakpoints&quot;:{&quot;0&quot;:{&quot;slidesPerView&quot;:1,&quot;spaceBetween&quot;:30},&quot;768&quot;:{&quot;slidesPerView&quot;:1,&quot;spaceBetween&quot;:30},&quot;1024&quot;:{&quot;slidesPerView&quot;:1,&quot;spaceBetween&quot;:30}}}\" data-modules=\"[]\">\n\n\t<div class=\"spectra-slider-container\">\n\t\t<div class=\"swiper\">\n\t\t\t<div class=\"swiper-wrapper\" aria-live=\"polite\">\n\t\t\t\t\n\n<div data-spectra-id=\"spectra-mntx3fvx-msjx87\" style=\"--spectra-overlay-opacity: 100\" class=\"swiper-slide spectra-overlay-color spectra-dim-ratio wp-block-spectra-slider-child\" id=\"spectra-slider-2\">\n\t\t<div class=\"slide-content\">\n\t\t\n\n<figure data-spectra-id=\"spectra-mntx5uy4-jd40o5\" class=\"wp-block-image size-full is-style-rounded is-style-rounded--1\"><img loading=\"lazy\" decoding=\"async\" width=\"1200\" height=\"801\" src=\"https:\/\/revistafankpop.com\/wp-content\/uploads\/2026\/04\/Copia-de-YA-DISPONIBLE-YA-DISPONIBLE-YA-DISPONIBLE-1200-x-801-px.png\" alt=\"copia de ya disponible ya disponible ya disponible (1200 x 801 px)\" class=\"wp-image-3087\" title=\"Inicio\" srcset=\"https:\/\/revistafankpop.com\/wp-content\/uploads\/2026\/04\/Copia-de-YA-DISPONIBLE-YA-DISPONIBLE-YA-DISPONIBLE-1200-x-801-px.png 1200w, https:\/\/revistafankpop.com\/wp-content\/uploads\/2026\/04\/Copia-de-YA-DISPONIBLE-YA-DISPONIBLE-YA-DISPONIBLE-1200-x-801-px-300x200.png 300w, https:\/\/revistafankpop.com\/wp-content\/uploads\/2026\/04\/Copia-de-YA-DISPONIBLE-YA-DISPONIBLE-YA-DISPONIBLE-1200-x-801-px-1024x684.png 1024w, https:\/\/revistafankpop.com\/wp-content\/uploads\/2026\/04\/Copia-de-YA-DISPONIBLE-YA-DISPONIBLE-YA-DISPONIBLE-1200-x-801-px-768x513.png 768w, https:\/\/revistafankpop.com\/wp-content\/uploads\/2026\/04\/Copia-de-YA-DISPONIBLE-YA-DISPONIBLE-YA-DISPONIBLE-1200-x-801-px-18x12.png 18w\" sizes=\"auto, (max-width: 1200px) 100vw, 1200px\" \/><\/figure>\n\n\t<\/div>\n<\/div>\n\n\n\n<div data-spectra-id=\"spectra-mntx3fwj-flyc9c\" style=\"--spectra-overlay-opacity: 100\" class=\"swiper-slide spectra-overlay-color spectra-dim-ratio wp-block-spectra-slider-child\" id=\"spectra-slider-3\">\n\t\t<div class=\"slide-content\">\n\t\t\n\n<figure data-spectra-id=\"spectra-mnvz2ijc-mix4ob\" class=\"wp-block-image size-large\"><a href=\"https:\/\/revistafankpop.com\/en\/revista-digital-2\/edicion-actual\/\"><img loading=\"lazy\" decoding=\"async\" width=\"1024\" height=\"684\" src=\"https:\/\/revistafankpop.com\/wp-content\/uploads\/2026\/04\/Copia-de-YA-DISPONIBLE-YA-DISPONIBLE-YA-DISPONIBLE-1200-x-801-px-1024x684.png\" alt=\"copia de ya disponible ya disponible ya disponible (1200 x 801 px)\" class=\"wp-image-3087\" title=\"Inicio\" srcset=\"https:\/\/revistafankpop.com\/wp-content\/uploads\/2026\/04\/Copia-de-YA-DISPONIBLE-YA-DISPONIBLE-YA-DISPONIBLE-1200-x-801-px-1024x684.png 1024w, https:\/\/revistafankpop.com\/wp-content\/uploads\/2026\/04\/Copia-de-YA-DISPONIBLE-YA-DISPONIBLE-YA-DISPONIBLE-1200-x-801-px-300x200.png 300w, https:\/\/revistafankpop.com\/wp-content\/uploads\/2026\/04\/Copia-de-YA-DISPONIBLE-YA-DISPONIBLE-YA-DISPONIBLE-1200-x-801-px-768x513.png 768w, https:\/\/revistafankpop.com\/wp-content\/uploads\/2026\/04\/Copia-de-YA-DISPONIBLE-YA-DISPONIBLE-YA-DISPONIBLE-1200-x-801-px-18x12.png 18w, https:\/\/revistafankpop.com\/wp-content\/uploads\/2026\/04\/Copia-de-YA-DISPONIBLE-YA-DISPONIBLE-YA-DISPONIBLE-1200-x-801-px.png 1200w\" sizes=\"auto, (max-width: 1024px) 100vw, 1024px\" \/><\/a><\/figure>\n\n\t<\/div>\n<\/div>\n\n\t\t\t<\/div>\n\t\t<\/div>\n\n\t\t\t\t\t<div class=\"spectra-slider-navigation\" role=\"group\" aria-label=\"Slider navigation controls\">\n\t\t\t\t<div \n\t\t\t\t\tclass=\"swiper-button-prev\" \n\t\t\t\t\trole=\"button\"\n\t\t\t\t\taria-label=\"Previous slide\"\n\t\t\t\t\tdata-role=\"none\"\n\t\t\t\t\ttabindex=\"0\"\n\t\t\t\t>\n\t\t\t\t\t<span class=\"screen-reader-text\">Previous slide<\/span>\n\t\t\t\t\t\t\t\t<svg class=\"spectra-icon\" xmlns=\"https:\/\/www.w3.org\/2000\/svg\" viewbox= \"0 0 448 512\"\n\t\t\t\t focusable=\"false\" aria-hidden=\"true\"\t\t\t><path d=\"M447.1 256C447.1 273.7 433.7 288 416 288H109.3l105.4 105.4c12.5 12.5 12.5 32.75 0 45.25C208.4 444.9 200.2 448 192 448s-16.38-3.125-22.62-9.375l-160-160c-12.5-12.5-12.5-32.75 0-45.25l160-160c12.5-12.5 32.75-12.5 45.25 0s12.5 32.75 0 45.25L109.3 224H416C433.7 224 447.1 238.3 447.1 256z\"><\/path><\/svg>\n\t\t\t\t\t\t\t<\/div>\n\t\t\t\t<div \n\t\t\t\t\tclass=\"swiper-button-next\" \n\t\t\t\t\trole=\"button\"\n\t\t\t\t\taria-label=\"Next slide\"\n\t\t\t\t\tdata-role=\"none\"\n\t\t\t\t\ttabindex=\"0\"\n\t\t\t\t>\n\t\t\t\t\t<span class=\"screen-reader-text\">Next slide<\/span>\n\t\t\t\t\t\t\t\t<svg class=\"spectra-icon\" xmlns=\"https:\/\/www.w3.org\/2000\/svg\" viewbox= \"0 0 448 512\"\n\t\t\t\t focusable=\"false\" aria-hidden=\"true\"\t\t\t><path d=\"M438.6 278.6l-160 160C272.4 444.9 264.2 448 256 448s-16.38-3.125-22.62-9.375c-12.5-12.5-12.5-32.75 0-45.25L338.8 288H32C14.33 288 .0016 273.7 .0016 256S14.33 224 32 224h306.8l-105.4-105.4c-12.5-12.5-12.5-32.75 0-45.25s32.75-12.5 45.25 0l160 160C451.1 245.9 451.1 266.1 438.6 278.6z\"><\/path><\/svg>\n\t\t\t\t\t\t\t<\/div>\n\t\t\t<\/div>\n\t\t\n\t\t\t\t\t<div \n\t\t\t\tclass=\"swiper-pagination\" \n\t\t\t\trole=\"tablist\" \n\t\t\t\taria-label=\"Slider pagination\"\n\t\t\t\tdata-role=\"none\"\n\t\t\t><\/div>\n\t\t\t<\/div>\n<\/div>\n<\/div>\n<\/div>\n<\/div>\n<\/div>\n\n\n\n<div class=\"wp-block-group alignfull has-global-padding is-layout-constrained wp-container-core-group-is-layout-490fa1db wp-block-group-is-layout-constrained\" style=\"padding-top:var(--wp--preset--spacing--50);padding-right:var(--wp--preset--spacing--50);padding-bottom:var(--wp--preset--spacing--50);padding-left:var(--wp--preset--spacing--50)\">\n<div class=\"wp-block-group has-global-padding is-layout-constrained wp-container-core-group-is-layout-650790e1 wp-block-group-is-layout-constrained\">\n<h1 data-aos-delay=\"0\" data-aos-duration=\"400\" data-aos-easing=\"ease\" data-aos-once=\"true\" data-aos=\"fade-left\" class=\"wp-block-heading has-text-align-center has-x-large-font-size\">BIENVENIDOS A LA P\u00c1GINA OFICIAL DE REVISTA FAN KPOP <\/h1>\n\n\n\n<p><\/p>\n\n\n\n<div style=\"height:1.25rem\" aria-hidden=\"true\" class=\"wp-block-spacer\"><\/div>\n\n\n\n<p class=\"has-text-align-center\">Somos el espacio seguro creado por y para fans de habla hispana. Un medio independiente con sede en M\u00e9xico donde puedes conectar, identificarte y disfrutar del K-Pop de una manera aut\u00e9ntica. Aqu\u00ed, tu pasi\u00f3n es nuestra prioridad.<\/p>\n\n\n\n<div style=\"height:1.25rem\" aria-hidden=\"true\" class=\"wp-block-spacer\"><\/div>\n\n\n\n<div class=\"wp-block-buttons is-content-justification-center is-layout-flex wp-container-core-buttons-is-layout-a89b3969 wp-block-buttons-is-layout-flex\">\n<div data-aos-delay=\"0\" data-aos-duration=\"400\" data-aos-easing=\"ease\" data-aos-once=\"true\" data-aos=\"flip-down\" class=\"wp-block-button has-custom-width wp-block-button__width-50\"><a class=\"wp-block-button__link wp-element-button\">Sobre nosotros<\/a><\/div>\n<\/div>\n<\/div>\n\n\n\n<div style=\"height:var(--wp--preset--spacing--30)\" aria-hidden=\"true\" class=\"wp-block-spacer\"><\/div>\n<\/div>\n\n\n\n<div class=\"wp-block-group alignfull has-base-2-background-color has-background has-global-padding is-layout-constrained wp-container-core-group-is-layout-669513ed wp-block-group-is-layout-constrained\" style=\"margin-top:0;margin-bottom:0;padding-top:var(--wp--preset--spacing--50);padding-right:var(--wp--preset--spacing--50);padding-bottom:var(--wp--preset--spacing--50);padding-left:var(--wp--preset--spacing--50)\">\n<div class=\"wp-block-group is-vertical is-content-justification-center is-layout-flex wp-container-core-group-is-layout-52b864f0 wp-block-group-is-layout-flex\">\n<h2 class=\"wp-block-heading has-text-align-center is-style-asterisk\">TU CONEXI\u00d3N CON EL K-POP<\/h2>\n\n\n\n<div style=\"height:0px\" aria-hidden=\"true\" class=\"wp-block-spacer wp-container-content-4f2ccadb\"><\/div>\n\n\n\n<p class=\"has-text-align-center\">Explora todo lo que Revista Fan tiene para ti. Desde nuestras ediciones mensuales hasta los espacios creados especialmente por y para la comunidad.<\/p>\n<\/div>\n\n\n\n<div style=\"margin-top:0;margin-bottom:0;height:var(--wp--preset--spacing--40)\" aria-hidden=\"true\" class=\"wp-block-spacer\"><\/div>\n\n\n\n\n\n<div style=\"height:var(--wp--preset--spacing--20)\" aria-hidden=\"true\" class=\"wp-block-spacer\"><\/div>\n<\/div>\n\n\n\n<div class=\"wp-block-group alignfull has-global-padding is-layout-constrained wp-container-core-group-is-layout-d89aad35 wp-block-group-is-layout-constrained\" style=\"margin-top:0;margin-bottom:0;padding-top:var(--wp--preset--spacing--50);padding-right:var(--wp--preset--spacing--50);padding-bottom:var(--wp--preset--spacing--50);padding-left:var(--wp--preset--spacing--50)\">\n<div class=\"wp-block-group alignwide has-global-padding is-layout-constrained wp-container-core-group-is-layout-19e250f3 wp-block-group-is-layout-constrained\">\n<div class=\"wp-block-group is-vertical is-content-justification-center is-layout-flex wp-container-core-group-is-layout-6329a8f3 wp-block-group-is-layout-flex\">\n<h2 class=\"wp-block-heading has-text-align-center is-style-asterisk\">Una serie de recursos<\/h2>\n\n\n\n<p class=\"has-text-align-center\">Nuestro amplio conjunto de servicios profesionales atiende a una clientela diversa, desde propietarios de viviendas hasta promotores comerciales.<\/p>\n<\/div>\n\n\n\n<div style=\"height:var(--wp--preset--spacing--40)\" aria-hidden=\"true\" class=\"wp-block-spacer\"><\/div>\n\n\n\n<div class=\"wp-block-columns alignwide is-layout-flex wp-container-core-columns-is-layout-d1c656ed wp-block-columns-is-layout-flex\">\n<div class=\"wp-block-column is-vertically-aligned-center is-layout-flow wp-block-column-is-layout-flow\" style=\"flex-basis:40%\">\n<h3 class=\"wp-block-heading is-style-asterisk\">Aplicaci\u00f3n \u00c9tudes Arquitecto<\/h3>\n\n\n\n<ul style=\"line-height:1.75\" class=\"wp-block-list is-style-checkmark-list\">\n<li>Colabora con otros arquitectos.<\/li>\n\n\n\n<li>Muestra tus proyectos.<\/li>\n\n\n\n<li>Experimenta el mundo de la arquitectura.<\/li>\n<\/ul>\n<\/div>\n\n\n\n<div class=\"wp-block-column is-layout-flow wp-block-column-is-layout-flow\" style=\"flex-basis:50%\">\n<figure data-spectra-id=\"spectra-mntwjlwu-n2xxh8\" class=\"wp-block-image size-large is-style-rounded is-style-rounded--5\"><img decoding=\"async\" src=\"https:\/\/revistafankpop.com\/wp-content\/themes\/twentytwentyfour\/assets\/images\/tourist-and-building.webp\" alt=\"Turista fotografiando un edificio\" title=\"Inicio\"><\/figure>\n<\/div>\n<\/div>\n\n\n\n<div style=\"height:var(--wp--preset--spacing--40)\" aria-hidden=\"true\" class=\"wp-block-spacer\"><\/div>\n\n\n\n<div class=\"wp-block-columns alignwide is-layout-flex wp-container-core-columns-is-layout-d1c656ed wp-block-columns-is-layout-flex\">\n<div class=\"wp-block-column is-layout-flow wp-block-column-is-layout-flow\" style=\"flex-basis:50%\">\n<figure data-spectra-id=\"spectra-mntwjly0-zvexbb\" class=\"wp-block-image size-large is-style-rounded is-style-rounded--6\"><img decoding=\"async\" src=\"https:\/\/revistafankpop.com\/wp-content\/themes\/twentytwentyfour\/assets\/images\/windows.webp\" alt=\"Ventanas de un edificio en N\u00faremberg, Alemania\" title=\"Inicio\"><\/figure>\n<\/div>\n\n\n\n<div class=\"wp-block-column is-vertically-aligned-center is-layout-flow wp-block-column-is-layout-flow\" style=\"flex-basis:40%\">\n<h3 class=\"wp-block-heading is-style-asterisk\">Bolet\u00edn \u00c9tudes<\/h3>\n\n\n\n<ul style=\"line-height:1.75\" class=\"wp-block-list is-style-checkmark-list\">\n<li>Un mundo de art\u00edculos que invitan a la reflexi\u00f3n.<\/li>\n\n\n\n<li>Casos pr\u00e1cticos que celebran la arquitectura.<\/li>\n\n\n\n<li>Acceso exclusivo a ideas de dise\u00f1o.<\/li>\n<\/ul>\n<\/div>\n<\/div>\n<\/div>\n<\/div>\n\n\n\n<div class=\"wp-block-group alignfull has-base-color has-contrast-background-color has-text-color has-background has-global-padding is-layout-constrained wp-container-core-group-is-layout-ef3d885c wp-block-group-is-layout-constrained\" style=\"margin-top:0;margin-bottom:0;padding-top:var(--wp--preset--spacing--60);padding-right:var(--wp--preset--spacing--60);padding-bottom:var(--wp--preset--spacing--60);padding-left:var(--wp--preset--spacing--60)\">\n<div class=\"wp-block-group has-global-padding is-layout-constrained wp-block-group-is-layout-constrained\">\n<p class=\"has-text-align-center has-base-color has-text-color has-heading-font-family has-x-large-font-size\" style=\"line-height:1.2\">\n\t\t\t<em>&#8220;\u00c9tudes nos ha ahorrado miles de horas de trabajo y ha desbloqueado perspectivas que nunca cre\u00edmos posibles&#8221;.<\/em>\n\t\t<\/p>\n\n\n\n<div style=\"height:var(--wp--preset--spacing--10)\" aria-hidden=\"true\" class=\"wp-block-spacer\"><\/div>\n\n\n\n<div class=\"wp-block-group is-vertical is-content-justification-center is-nowrap is-layout-flex wp-container-core-group-is-layout-2dc08cea wp-block-group-is-layout-flex\">\n\n\n<p class=\"has-text-align-center\" style=\"margin-top:var(--wp--preset--spacing--10);margin-bottom:0\">Annie Steiner<\/p>\n\n\n\n<p class=\"has-text-align-center has-contrast-3-color has-text-color has-small-font-size\" style=\"font-style:normal;font-weight:300\">Director General, Greenprint<\/p>\n<\/div>\n<\/div>\n<\/div>\n\n\n\n<div class=\"wp-block-group alignfull has-global-padding is-layout-constrained wp-container-core-group-is-layout-d89aad35 wp-block-group-is-layout-constrained\" style=\"margin-top:0;margin-bottom:0;padding-top:var(--wp--preset--spacing--50);padding-right:var(--wp--preset--spacing--50);padding-bottom:var(--wp--preset--spacing--50);padding-left:var(--wp--preset--spacing--50)\">\n<h2 class=\"wp-block-heading alignwide has-x-large-font-size\" style=\"margin-top:0;margin-bottom:var(--wp--preset--spacing--40);line-height:1\">Mira, lee, escucha<\/h2>\n\n\n\n<div class=\"wp-block-group alignwide has-global-padding is-layout-constrained wp-block-group-is-layout-constrained\">\n<div class=\"wp-block-query alignwide is-layout-flow wp-block-query-is-layout-flow\">\n\n\n<div style=\"height:var(--wp--preset--spacing--30)\" aria-hidden=\"true\" class=\"wp-block-spacer\"><\/div>\n\n\n\n\n<div class=\"wp-block-query-no-results\">\n\n<p>No se han encontrado entradas.<\/p>\n\n<\/div><\/div>\n<\/div>\n<\/div>\n\n\n\n<div class=\"wp-block-group alignfull has-global-padding is-layout-constrained wp-container-core-group-is-layout-d89aad35 wp-block-group-is-layout-constrained\" style=\"margin-top:0;margin-bottom:0;padding-top:var(--wp--preset--spacing--50);padding-right:var(--wp--preset--spacing--50);padding-bottom:var(--wp--preset--spacing--50);padding-left:var(--wp--preset--spacing--50)\">\n<div class=\"wp-block-group alignwide has-base-2-background-color has-background has-global-padding is-layout-constrained wp-container-core-group-is-layout-39412042 wp-block-group-is-layout-constrained\" style=\"border-radius:16px;padding-top:var(--wp--preset--spacing--40);padding-right:var(--wp--preset--spacing--50);padding-bottom:var(--wp--preset--spacing--40);padding-left:var(--wp--preset--spacing--50)\">\n<div style=\"height:var(--wp--preset--spacing--10)\" aria-hidden=\"true\" class=\"wp-block-spacer\"><\/div>\n\n\n\n<h2 class=\"wp-block-heading has-text-align-center has-x-large-font-size\">\u00danete a m\u00e1s de 900 suscriptores<\/h2>\n\n\n\n<p class=\"has-text-align-center\">Mantente al d\u00eda de todo lo que necesitas saber.<\/p>\n\n\n\n<div class=\"wp-block-buttons is-content-justification-center is-layout-flex wp-container-core-buttons-is-layout-a89b3969 wp-block-buttons-is-layout-flex\">\n<div class=\"wp-block-button\"><a class=\"wp-block-button__link wp-element-button\">Registro<\/a><\/div>\n<\/div>\n\n\n\n<div style=\"height:var(--wp--preset--spacing--10)\" aria-hidden=\"true\" class=\"wp-block-spacer\"><\/div>\n<\/div>\n<\/div>","protected":false},"excerpt":{"rendered":"<p>BIENVENIDOS A LA P\u00c1GINA OFICIAL DE REVISTA FAN KPOP Somos el espacio seguro creado por y para fans de habla hispana. Un medio independiente con sede en M\u00e9xico donde puedes conectar, identificarte y disfrutar del K-Pop de una manera aut\u00e9ntica. Aqu\u00ed, tu pasi\u00f3n es nuestra prioridad. TU CONEXI\u00d3N CON EL K-POP Explora todo lo que [&hellip;]<\/p>\n","protected":false},"author":1,"featured_media":0,"parent":0,"menu_order":0,"comment_status":"closed","ping_status":"closed","template":"","meta":{"_uag_custom_page_level_css":"","advanced_seo_description":"Descubre Revista Fan K-Pop, el espacio seguro para fans de habla hispana. Lee nuestras ediciones digitales mensuales, ent\u00e9rate de noticias exclusivas y \u00fanete a la mayor comunidad de K-Pop en M\u00e9xico.","jetpack_seo_html_title":"Revista Fan K-Pop | La mejor revista digital de K-Pop en espa\u00f1ol","jetpack_seo_noindex":false,"footnotes":""},"class_list":["post-1244","page","type-page","status-publish","hentry"],"_hostinger_reach_plugin_has_subscription_block":false,"_hostinger_reach_plugin_is_elementor":false,"uagb_featured_image_src":{"full":false,"thumbnail":false,"medium":false,"medium_large":false,"large":false,"1536x1536":false,"2048x2048":false,"trp-custom-language-flag":false},"uagb_author_info":{"display_name":"Revista Fan Kpop","author_link":"https:\/\/revistafankpop.com\/en\/author\/victoreduardoalvarado4gmail-com\/"},"uagb_comment_info":0,"uagb_excerpt":"BIENVENIDOS A LA P\u00c1GINA OFICIAL DE REVISTA FAN KPOP Somos el espacio seguro creado por y para fans de habla hispana. Un medio independiente con sede en M\u00e9xico donde puedes conectar, identificarte y disfrutar del K-Pop de una manera aut\u00e9ntica. Aqu\u00ed, tu pasi\u00f3n es nuestra prioridad. TU CONEXI\u00d3N CON EL K-POP Explora todo lo que&hellip;","jetpack_sharing_enabled":true,"_links":{"self":[{"href":"https:\/\/revistafankpop.com\/en\/wp-json\/wp\/v2\/pages\/1244","targetHints":{"allow":["GET"]}}],"collection":[{"href":"https:\/\/revistafankpop.com\/en\/wp-json\/wp\/v2\/pages"}],"about":[{"href":"https:\/\/revistafankpop.com\/en\/wp-json\/wp\/v2\/types\/page"}],"author":[{"embeddable":true,"href":"https:\/\/revistafankpop.com\/en\/wp-json\/wp\/v2\/users\/1"}],"replies":[{"embeddable":true,"href":"https:\/\/revistafankpop.com\/en\/wp-json\/wp\/v2\/comments?post=1244"}],"version-history":[{"count":16,"href":"https:\/\/revistafankpop.com\/en\/wp-json\/wp\/v2\/pages\/1244\/revisions"}],"predecessor-version":[{"id":3213,"href":"https:\/\/revistafankpop.com\/en\/wp-json\/wp\/v2\/pages\/1244\/revisions\/3213"}],"wp:attachment":[{"href":"https:\/\/revistafankpop.com\/en\/wp-json\/wp\/v2\/media?parent=1244"}],"curies":[{"name":"wp","href":"https:\/\/api.w.org\/{rel}","templated":true}]}}